{"id":4565,"date":"2025-04-17T13:41:54","date_gmt":"2025-04-17T11:41:54","guid":{"rendered":"https:\/\/artsani-energy.ro\/?post_type=product&#038;p=4565"},"modified":"2025-10-14T12:00:28","modified_gmt":"2025-10-14T10:00:28","slug":"sistem-fotovoltaic-30-kw","status":"publish","type":"product","link":"https:\/\/artsani-energy.ro\/shop\/product\/sistem-fotovoltaic-30-kw\/","title":{"rendered":"Sistem Fotovoltaic 30 kW"},"content":{"rendered":"<p><b>Sistem Fotovoltaic Complet cu Instalare \u0219i Punere \u00een Func\u021biune<\/b>\u00a0Transforma\u021bi energia solar\u0103 \u00eentr-o surs\u0103 de putere sustenabil\u0103 pentru locuin\u021ba sau afacerea dumneavoastr\u0103 cu sistemul nostru fotovoltaic complet! Acest pachet all-in-one include tot ce ave\u021bi nevoie pentru a beneficia de energie verde, economisind bani \u0219i protej\u00e2nd mediul.\u00a0<b>Ce include pachetul nostru fotovoltaic complet?<\/b><\/p>\n<ol>\n<li><b>Panouri fotovoltaice de \u00eenalt\u0103 eficien\u021b\u0103<\/b><b><\/b>\n<ul>\n<li>Capabile s\u0103 capteze energia solar\u0103 chiar \u0219i \u00een condi\u021bii de lumin\u0103 redus\u0103.<\/li>\n<li>Putere \u0219i durabilitate garantate.<\/li>\n<\/ul>\n<\/li>\n<li><b>Invertor performant<\/b><b><\/b>\n<ul>\n<li>Convertire eficient\u0103 a energiei solare \u00een curent electric utilizabil.<\/li>\n<li>Monitorizare integrat\u0103 pentru a urm\u0103ri consumul \u0219i produc\u021bia.<\/li>\n<\/ul>\n<\/li>\n<li><b>Baterii de stocare (op\u021bional)<\/b><b><\/b>\n<ul>\n<li>Ideal pentru stocarea energiei neutilizate pentru consum nocturn sau \u00een zilele cu soare limitat.<\/li>\n<\/ul>\n<\/li>\n<li><b>Sistem de montaj \u0219i cabluri<\/b><b><\/b>\n<ul>\n<li>Kit complet pentru instalare sigur\u0103 \u0219i stabil\u0103.<\/li>\n<\/ul>\n<\/li>\n<li><b>Servicii de instalare profesional\u0103<\/b><b><\/b>\n<ul>\n<li>Echipa noastr\u0103 calificat\u0103 asigur\u0103 montajul rapid \u0219i corect al sistemului.<\/li>\n<\/ul>\n<\/li>\n<li><b>Punere \u00een func\u021biune \u0219i configurare<\/b><b><\/b>\n<ul>\n<li>Test\u0103m \u0219i optimiz\u0103m sistemul pentru a asigura performan\u021be maxime.<\/li>\n<\/ul>\n<\/li>\n<li><b>Consultan\u021b\u0103 tehnic\u0103 \u0219i suport<\/b><b><\/b>\n<ul>\n<li>Beneficia\u021bi de \u00eendrumare \u00eenainte, \u00een timpul \u0219i dup\u0103 instalare.<\/li>\n<\/ul>\n<\/li>\n<\/ol>\n","protected":false},"excerpt":{"rendered":"<div class=\"gb-grid-wrapper gb-grid-wrapper-b8491065\">\n<div class=\"gb-grid-column gb-grid-column-cf059d31\">\n<div class=\"gb-container gb-container-cf059d31\">\n<p class=\"gb-headline gb-headline-fb457c4b gb-headline-text\"><b>Sistem Fotovoltaic Complet cu Instalare \u0219i Punere \u00een Func\u021biune<\/b>\u00a0Transforma\u021bi energia solar\u0103 \u00eentr-o surs\u0103 de putere sustenabil\u0103 pentru locuin\u021ba sau afacerea dumneavoastr\u0103 cu sistemul nostru fotovoltaic complet! Acest pachet all-in-one include tot ce ave\u021bi nevoie pentru a beneficia de energie verde, economisind bani \u0219i protej\u00e2nd mediul.<\/p>\n<div class=\"gb-grid-wrapper gb-grid-wrapper-b44b5f13\">\n<div class=\"gb-grid-column gb-grid-column-67b00c17\">\n<div class=\"gb-container gb-container-67b00c17\">\n<div class=\"ffwp-block-jet-engine-dynamic-field jet-sm-gb-wrapper jet-sm-gb-6f37d359-028a-4890-9fae-20dd38e31195\" data-block-id=\"jet-sm-gb-6f37d359-028a-4890-9fae-20dd38e31195\">\n<div class=\"jet-listing-dynamic-field-block ffwp-block-jet-engine-dynamic-field jet-sm-gb-wrapper jet-sm-gb-6f37d359-028a-4890-9fae-20dd38e31195\" data-is-block=\"jet-engine\/dynamic-field\" data-jet-inited=\"true\"><\/div>\n<\/div>\n<\/div>\n<\/div>\n<div class=\"gb-grid-column gb-grid-column-0eaf6f47\">\n<div class=\"gb-container gb-container-0eaf6f47\">\n<div class=\"wp-block-jet-engine-dynamic-field jet-sm-gb-wrapper jet-sm-gb-6f37d359-028a-4890-9fae-20dd38e31195\" data-block-id=\"jet-sm-gb-6f37d359-028a-4890-9fae-20dd38e31195\">\n<div class=\"jet-listing-dynamic-field-block wp-block-jet-engine-dynamic-field jet-sm-gb-wrapper jet-sm-gb-6f37d359-028a-4890-9fae-20dd38e31195\" data-is-block=\"jet-engine\/dynamic-field\" data-jet-inited=\"true\"><\/div>\n<\/div>\n<\/div>\n<\/div>\n<\/div>\n<\/div>\n<\/div>\n<\/div>\n<div class=\"gb-container gb-container-d86c3d6f\">\n<div class=\"add_cart_wp-block-jet-engine-dynamic-link jet-sm-gb-wrapper jet-sm-gb-281bdc94-0018-49c8-9542-13d1630fc6ad\" data-block-id=\"jet-sm-gb-281bdc94-0018-49c8-9542-13d1630fc6ad\">\n<div class=\"jet-listing-dynamic-link-block add_cart_wp-block-jet-engine-dynamic-link jet-sm-gb-wrapper jet-sm-gb-281bdc94-0018-49c8-9542-13d1630fc6ad\" data-is-block=\"jet-engine\/dynamic-link\">\n<div class=\"jet-listing jet-listing-dynamic-link add_cart_wp-block-jet-engine-dynamic-link jet-sm-gb-wrapper jet-sm-gb-281bdc94-0018-49c8-9542-13d1630fc6ad\">\n<div class=\"jet-listing-dynamic-link__icon is-svg-icon\"><\/div>\n<\/div>\n<\/div>\n<\/div>\n<\/div>\n","protected":false},"featured_media":4564,"template":"","meta":{"_jet_sm_ready_style":"","_jet_sm_style":"","_jet_sm_controls_values":"","_jet_sm_fonts_collection":"","_jet_sm_fonts_links":""},"product_brand":[],"product_cat":[87],"product_tag":[76],"tip-sistem":[71],"_detalii-produse-taxonomy":[69],"class_list":{"0":"post-4565","1":"product","2":"type-product","3":"status-publish","4":"has-post-thumbnail","6":"product_cat-sistem-fotovoltaic-firme","7":"product_tag-trifazat","8":"tip-sistem-on-grid","9":"_detalii-produse-taxonomy-trifazat","10":"sales-flash-overlay","11":"woocommerce-text-align-center","12":"woocommerce-image-align-center","13":"do-quantity-buttons","14":"wc-has-gallery","16":"first","17":"instock","18":"taxable","19":"shipping-taxable","20":"purchasable","21":"product-type-simple"},"_links":{"self":[{"href":"https:\/\/artsani-energy.ro\/shop\/wp-json\/wp\/v2\/product\/4565","targetHints":{"allow":["GET"]}}],"collection":[{"href":"https:\/\/artsani-energy.ro\/shop\/wp-json\/wp\/v2\/product"}],"about":[{"href":"https:\/\/artsani-energy.ro\/shop\/wp-json\/wp\/v2\/types\/product"}],"wp:featuredmedia":[{"embeddable":true,"href":"https:\/\/artsani-energy.ro\/shop\/wp-json\/wp\/v2\/media\/4564"}],"wp:attachment":[{"href":"https:\/\/artsani-energy.ro\/shop\/wp-json\/wp\/v2\/media?parent=4565"}],"wp:term":[{"taxonomy":"product_brand","embeddable":true,"href":"https:\/\/artsani-energy.ro\/shop\/wp-json\/wp\/v2\/product_brand?post=4565"},{"taxonomy":"product_cat","embeddable":true,"href":"https:\/\/artsani-energy.ro\/shop\/wp-json\/wp\/v2\/product_cat?post=4565"},{"taxonomy":"product_tag","embeddable":true,"href":"https:\/\/artsani-energy.ro\/shop\/wp-json\/wp\/v2\/product_tag?post=4565"},{"taxonomy":"tip-sistem","embeddable":true,"href":"https:\/\/artsani-energy.ro\/shop\/wp-json\/wp\/v2\/tip-sistem?post=4565"},{"taxonomy":"_detalii-produse-taxonomy","embeddable":true,"href":"https:\/\/artsani-energy.ro\/shop\/wp-json\/wp\/v2\/_detalii-produse-taxonomy?post=4565"}],"curies":[{"name":"wp","href":"https:\/\/api.w.org\/{rel}","templated":true}]}}