{"id":4467,"date":"2025-02-06T15:22:47","date_gmt":"2025-02-06T13:22:47","guid":{"rendered":"https:\/\/artsani-energy.ro\/?post_type=product&#038;p=4467"},"modified":"2025-02-06T15:25:11","modified_gmt":"2025-02-06T13:25:11","slug":"invertor-huawei-sun2000-8ktl-m1-hc-8-kw-on-grid-trifazat","status":"publish","type":"product","link":"https:\/\/artsani-energy.ro\/shop\/product\/invertor-huawei-sun2000-8ktl-m1-hc-8-kw-on-grid-trifazat\/","title":{"rendered":"Invertor HUAWEI SUN2000-8KTL-M1 HC 8 kW On Grid Trifazat"},"content":{"rendered":"<p><strong>Invertor on-grid trifazat Huawei SUN2000-8KTL-M1 HC (high current), Wlan, 4G, 8 kW, battery ready<\/strong><\/p>\n<p><strong>Invertor Huawei SUN2000-8KTL-M1 HC (high current)<\/strong>\u00a0este un invertor trifazat de ultima genera\u021bie, utilizat at\u00e2t pentru construc\u021bii reziden\u021biale \u0219i este echipat cu un sistem special de securitate care previne defectarea arcului \u00een caz de deteriorare a sistemului.<\/p>\n<p>Acesta prezint\u0103, de asemenea, o interfa\u021b\u0103 integrat\u0103 pentru\u00a0baterii\u00a0\u0219i este prev\u0103zut cu dou\u0103 trackere MPPT, eficien\u021ba maxim\u0103 a acestuia fiind de 98,6%. Aceste aspecte ajut\u0103 la conectarea direct\u0103, nefiind nevoie de achizi\u021bionarea unor echipamente separate sau de realizarea unor ajust\u0103ri.<\/p>\n<p>Conexiune Wlan este posibila prin folosirea unui\u00a0Huawei Smart Dongle WLan. De asemenea este compatibil cu o conexiune 4G prin intermediul unui\u00a0Huawei Dongle 4G.<\/p>\n","protected":false},"excerpt":{"rendered":"<p><strong>Invertor Huawei SUN2000-8KTL-M1 HC (high current)<\/strong>\u00a0este un invertor trifazat de ultima genera\u021bie, utilizat at\u00e2t pentru construc\u021bii reziden\u021biale \u0219i este echipat cu un sistem special de securitate care previne defectarea arcului \u00een caz de deteriorare a sistemului.<\/p>\n","protected":false},"featured_media":4468,"template":"","meta":{"_jet_sm_ready_style":"","_jet_sm_style":"","_jet_sm_controls_values":"","_jet_sm_fonts_collection":"","_jet_sm_fonts_links":""},"product_brand":[],"product_cat":[41],"product_tag":[],"tip-sistem":[71],"_detalii-produse-taxonomy":[69],"class_list":{"0":"post-4467","1":"product","2":"type-product","3":"status-publish","4":"has-post-thumbnail","6":"product_cat-invertoare","7":"tip-sistem-on-grid","8":"_detalii-produse-taxonomy-trifazat","9":"sales-flash-overlay","10":"woocommerce-text-align-center","11":"woocommerce-image-align-center","12":"do-quantity-buttons","13":"wc-has-gallery","15":"first","16":"instock","17":"taxable","18":"shipping-taxable","19":"purchasable","20":"product-type-simple"},"_links":{"self":[{"href":"https:\/\/artsani-energy.ro\/shop\/wp-json\/wp\/v2\/product\/4467","targetHints":{"allow":["GET"]}}],"collection":[{"href":"https:\/\/artsani-energy.ro\/shop\/wp-json\/wp\/v2\/product"}],"about":[{"href":"https:\/\/artsani-energy.ro\/shop\/wp-json\/wp\/v2\/types\/product"}],"wp:featuredmedia":[{"embeddable":true,"href":"https:\/\/artsani-energy.ro\/shop\/wp-json\/wp\/v2\/media\/4468"}],"wp:attachment":[{"href":"https:\/\/artsani-energy.ro\/shop\/wp-json\/wp\/v2\/media?parent=4467"}],"wp:term":[{"taxonomy":"product_brand","embeddable":true,"href":"https:\/\/artsani-energy.ro\/shop\/wp-json\/wp\/v2\/product_brand?post=4467"},{"taxonomy":"product_cat","embeddable":true,"href":"https:\/\/artsani-energy.ro\/shop\/wp-json\/wp\/v2\/product_cat?post=4467"},{"taxonomy":"product_tag","embeddable":true,"href":"https:\/\/artsani-energy.ro\/shop\/wp-json\/wp\/v2\/product_tag?post=4467"},{"taxonomy":"tip-sistem","embeddable":true,"href":"https:\/\/artsani-energy.ro\/shop\/wp-json\/wp\/v2\/tip-sistem?post=4467"},{"taxonomy":"_detalii-produse-taxonomy","embeddable":true,"href":"https:\/\/artsani-energy.ro\/shop\/wp-json\/wp\/v2\/_detalii-produse-taxonomy?post=4467"}],"curies":[{"name":"wp","href":"https:\/\/api.w.org\/{rel}","templated":true}]}}