{"id":4452,"date":"2025-02-06T15:00:15","date_gmt":"2025-02-06T13:00:15","guid":{"rendered":"https:\/\/artsani-energy.ro\/?post_type=product&#038;p=4452"},"modified":"2025-02-06T15:00:15","modified_gmt":"2025-02-06T13:00:15","slug":"invertor-huawei-sun2000-6ktl-l1-6-kw-hibrid-monofazat","status":"publish","type":"product","link":"https:\/\/artsani-energy.ro\/shop\/product\/invertor-huawei-sun2000-6ktl-l1-6-kw-hibrid-monofazat\/","title":{"rendered":"Invertor Huawei SUN2000-6KTL-L1, 6 kW Hibrid Monofazat"},"content":{"rendered":"<p><strong>Invertor hibrid monofazat Huawei SUN2000-6KTL-L1, 6 kW, 6000 W<\/strong><\/p>\n<p><strong>Huawei SUN2000-6KTL-L1<\/strong> face parte dintr-o gam\u0103 inovatoare de invertoare reziden\u021biale monofazate, av\u00e2nd unele dintre cele mai bune caracteristici.<\/p>\n<p>Acesta este un invertor inteligent, cu protec\u021bie activ\u0103 \u00eempotriva arcurilor curente \u0219i prezint\u0103 o eficien\u021b\u0103 cu p\u00e2n\u0103 la 30% mai mare datorit\u0103\u00a0optimizatoarelor SUN2000-450W-P\u00a0cu care este prev\u0103zut. De asemenea, acesta beneficiaz\u0103 de conexiune WLAN inclus\u0103, fiind echipate cu inteligen\u021b\u0103 artificial\u0103, iar puterea sa este de 6000 de wa\u021bi, av\u00e2nd o eficien\u021b\u0103 maxim\u0103 de 98,4%. Acest invertor permite pornirea rapid\u0103 datorit\u0103 aplica\u021biei Huawei Solar \u0219i poate fi configurat printr-un singur clic, fiind extrem de u\u0219or de instalat.<\/p>\n<p>De asemenea, poate combina energia generat\u0103 de c\u00e2mpul fotovoltaic \u00eempreun\u0103 cu energia stocat\u0103 pentru a furniza toat\u0103 energia de care are nevoie o locuin\u021b\u0103. Ratingul \u00een ceea ce prive\u0219te siguran\u021ba este IP65, ceea ce \u00eel face s\u0103 aib\u0103 o protec\u021bie remarcabil\u0103 \u00eempotriva condi\u021biilor nefavorabile.<\/p>\n","protected":false},"excerpt":{"rendered":"<p><strong>Huawei SUN2000-6KTL-L1<\/strong> face parte dintr-o gam\u0103 inovatoare de invertoare reziden\u021biale monofazate, av\u00e2nd unele dintre cele mai bune caracteristici.<\/p>\n","protected":false},"featured_media":4455,"template":"","meta":{"_jet_sm_ready_style":"","_jet_sm_style":"","_jet_sm_controls_values":"","_jet_sm_fonts_collection":"","_jet_sm_fonts_links":""},"product_brand":[],"product_cat":[41],"product_tag":[],"tip-sistem":[72],"_detalii-produse-taxonomy":[68],"class_list":{"0":"post-4452","1":"product","2":"type-product","3":"status-publish","4":"has-post-thumbnail","6":"product_cat-invertoare","7":"tip-sistem-hibrid","8":"_detalii-produse-taxonomy-monofazat","9":"sales-flash-overlay","10":"woocommerce-text-align-center","11":"woocommerce-image-align-center","12":"do-quantity-buttons","13":"wc-has-gallery","15":"first","16":"instock","17":"taxable","18":"shipping-taxable","19":"purchasable","20":"product-type-simple"},"_links":{"self":[{"href":"https:\/\/artsani-energy.ro\/shop\/wp-json\/wp\/v2\/product\/4452","targetHints":{"allow":["GET"]}}],"collection":[{"href":"https:\/\/artsani-energy.ro\/shop\/wp-json\/wp\/v2\/product"}],"about":[{"href":"https:\/\/artsani-energy.ro\/shop\/wp-json\/wp\/v2\/types\/product"}],"wp:featuredmedia":[{"embeddable":true,"href":"https:\/\/artsani-energy.ro\/shop\/wp-json\/wp\/v2\/media\/4455"}],"wp:attachment":[{"href":"https:\/\/artsani-energy.ro\/shop\/wp-json\/wp\/v2\/media?parent=4452"}],"wp:term":[{"taxonomy":"product_brand","embeddable":true,"href":"https:\/\/artsani-energy.ro\/shop\/wp-json\/wp\/v2\/product_brand?post=4452"},{"taxonomy":"product_cat","embeddable":true,"href":"https:\/\/artsani-energy.ro\/shop\/wp-json\/wp\/v2\/product_cat?post=4452"},{"taxonomy":"product_tag","embeddable":true,"href":"https:\/\/artsani-energy.ro\/shop\/wp-json\/wp\/v2\/product_tag?post=4452"},{"taxonomy":"tip-sistem","embeddable":true,"href":"https:\/\/artsani-energy.ro\/shop\/wp-json\/wp\/v2\/tip-sistem?post=4452"},{"taxonomy":"_detalii-produse-taxonomy","embeddable":true,"href":"https:\/\/artsani-energy.ro\/shop\/wp-json\/wp\/v2\/_detalii-produse-taxonomy?post=4452"}],"curies":[{"name":"wp","href":"https:\/\/api.w.org\/{rel}","templated":true}]}}