{"id":4435,"date":"2025-02-03T11:15:15","date_gmt":"2025-02-03T09:15:15","guid":{"rendered":"https:\/\/artsani-energy.ro\/?post_type=product&#038;p=4435"},"modified":"2025-02-03T11:16:42","modified_gmt":"2025-02-03T09:16:42","slug":"statia-de-incarcare-masini-electrice","status":"publish","type":"product","link":"https:\/\/artsani-energy.ro\/shop\/product\/statia-de-incarcare-masini-electrice\/","title":{"rendered":"Statie de \u00eencarcare masini electrice Webasto Next 11kW, Type-2 &#8211; cablu 4.5M"},"content":{"rendered":"<h4>Statia de incarcare<\/h4>\n<p>Webasto Next este \u00eenso\u021bitorul ideal \u0219i inteligent \u00een domeniul mobilit\u0103\u021bii electrice &#8211; fie la parcarea companiei sau chiar acas\u0103 &#8211; Webasto Next asigur\u0103 \u00eenc\u0103rcarea comod\u0103, rapid\u0103 \u0219i sigur\u0103 a ma\u0219inii dumneavoastr\u0103 electronice.<\/p>\n<p>Webasto Next poate fi, de asemenea, monitorizat, controlat \u0219i gestionat cu backend-ul Webasto ChargeConnect &#8211; fie prin intermediul dispozitivului mobil folosind o aplica\u021bie, fie de pe computer printr-un portal web.<\/p>\n<p>Datorit\u0103 actualiz\u0103rilor online, Webasto Next r\u0103m\u00e2ne mereu la zi. Autentificarea simpl\u0103 la sta\u021bia de \u00eenc\u0103rcare are loc prin Scan &amp; Charge. Pentru integrarea \u00eentr-un sistem de management al energiei, sta\u021bia de \u00eenc\u0103rcare este echipat\u0103 cu interfa\u021ba Modbus TCP. Sta\u021bia de \u00eenc\u0103rcare sta\u021bionar\u0103 poate fi montat\u0103 pe perete sau cu un suport.<\/p>\n<p><strong>Beneficiile inteligente dintr-o privire:<\/strong><\/p>\n<p>&#8211; Stare \u00een timp real 24\/7 a tuturor punctelor de \u00eenc\u0103rcare<br \/>\n&#8211; Gestionarea flexibil\u0103 a permisiunilor utilizatorilor<br \/>\n&#8211; \u00centre\u021binere \u0219i diagnosticare la distan\u021b\u0103 pentru o func\u021bionare perfect\u0103<br \/>\n&#8211; Control de la distan\u021b\u0103 prin aplica\u021bie, de ex. pornirea \u0219i oprirea sesiunilor de \u00eenc\u0103rcare<br \/>\n&#8211; Prezentare detaliat\u0103 a proceselor de \u00eenc\u0103rcare finalizate (istoric de \u00eenc\u0103rcare)<br \/>\n&#8211; Func\u021bii de monitorizare complexe<br \/>\n&#8211; Actualiz\u0103ri regulate cu func\u021bii noi pentru aplica\u021bie \u0219i portal<br \/>\n&#8211; Utilizarea \u0219i gestionarea la diferite niveluri de utilizator \u00een func\u021bie de autorizare<\/p>\n<p><strong>Specifica\u021bii:<\/strong><\/p>\n<p>&#8211; Putere de \u00eenc\u0103rcare: continuu p\u00e2n\u0103 la 11 kW<br \/>\n&#8211; Cablu de \u00eenc\u0103rcare tip 2 integrat<br \/>\n&#8211; Lungime cablu: 4,5 m<br \/>\n&#8211; Umera\u0219 pentru cablu \u0219i priz\u0103<br \/>\n&#8211; Management digital: Backend Webasto ChargeConnect<\/p>\n<p><strong>Controlul accesului:<\/strong><br \/>\n&#8211; \u201eScanare \u0219i \u00eenc\u0103rcare\u201d prin cod QR<br \/>\n&#8211; Portalul Webasto ChargeConnect<br \/>\n&#8211; Aplica\u021bia Webasto ChargeConnect<\/p>\n<p><strong>Interfe\u021be de re\u021bea:<\/strong><br \/>\n&#8211; LAN (RJ45) &#8211; 10 \/ 100 Base-TX<br \/>\n&#8211; WLAN 802.11b\/g &#8211; 54 Mbit\/s<br \/>\n&#8211; Hotspot WLAN<br \/>\n&#8211; Integrare \u00een sisteme de management al energiei: prin Modbus TCP<br \/>\n&#8211; Modul de contor integrat: \u00cenregistrarea proceselor de \u00eenc\u0103rcare \u0219i controlul consumului de energie<br \/>\n&#8211; Managementul sarcinii locale: dinamic (autonom) prin integrarea unui contor inteligent extern<br \/>\n&#8211; Indicator de stare de func\u021bionare<\/p>\n<p><strong>Instalare usoara:<\/strong><br \/>\n&#8211; Protec\u021bie integrat\u0103 la curent de defect DC<br \/>\n&#8211; Conform clasei de protectie I<br \/>\n&#8211; Conform clasei de protectie IP54<br \/>\n&#8211; Categoria de supratensiune: III conform EN 60664<br \/>\n&#8211; Tensiune intrare\/ie\u0219ire: 230\/400 V AC<br \/>\n&#8211; Curent nominal: 16 sau 32 amperi<br \/>\n&#8211; Forme retelei de energie electrica:<br \/>\n&#8211; TN \/ TT (1 \u0219i 3 faze)<br \/>\n&#8211; IT (doar \u00een 1 faz\u0103)<br \/>\n&#8211; Faza despartita (L1+L2, fara N)<\/p>\n<p><strong>Montare pe perete sau pe suport:<\/strong><br \/>\n&#8211; Dimensiuni: 22,5 x 44,7 x 11,6 cm<br \/>\n&#8211; Greutate: 6,8 kg<\/p>\n","protected":false},"excerpt":{"rendered":"<p>Statia de \u00eencarcare Webasto Next este \u00eenso\u021bitorul ideal \u0219i inteligent \u00een domeniul mobilit\u0103\u021bii electrice &#8211; fie la parcarea companiei sau chiar acas\u0103 &#8211; Webasto Next asigur\u0103 \u00eenc\u0103rcarea comod\u0103, rapid\u0103 \u0219i sigur\u0103 a ma\u0219inii dumneavoastr\u0103 electronice.<\/p>\n","protected":false},"featured_media":4436,"template":"","meta":{"_jet_sm_ready_style":"","_jet_sm_style":"","_jet_sm_controls_values":"","_jet_sm_fonts_collection":"","_jet_sm_fonts_links":""},"product_brand":[],"product_cat":[78],"product_tag":[],"tip-sistem":[],"_detalii-produse-taxonomy":[],"class_list":{"0":"post-4435","1":"product","2":"type-product","3":"status-publish","4":"has-post-thumbnail","6":"product_cat-statii-de-incarcare","7":"sales-flash-overlay","8":"woocommerce-text-align-center","9":"woocommerce-image-align-center","10":"do-quantity-buttons","11":"wc-has-gallery","13":"first","14":"instock","15":"taxable","16":"shipping-taxable","17":"purchasable","18":"product-type-simple"},"_links":{"self":[{"href":"https:\/\/artsani-energy.ro\/shop\/wp-json\/wp\/v2\/product\/4435","targetHints":{"allow":["GET"]}}],"collection":[{"href":"https:\/\/artsani-energy.ro\/shop\/wp-json\/wp\/v2\/product"}],"about":[{"href":"https:\/\/artsani-energy.ro\/shop\/wp-json\/wp\/v2\/types\/product"}],"wp:featuredmedia":[{"embeddable":true,"href":"https:\/\/artsani-energy.ro\/shop\/wp-json\/wp\/v2\/media\/4436"}],"wp:attachment":[{"href":"https:\/\/artsani-energy.ro\/shop\/wp-json\/wp\/v2\/media?parent=4435"}],"wp:term":[{"taxonomy":"product_brand","embeddable":true,"href":"https:\/\/artsani-energy.ro\/shop\/wp-json\/wp\/v2\/product_brand?post=4435"},{"taxonomy":"product_cat","embeddable":true,"href":"https:\/\/artsani-energy.ro\/shop\/wp-json\/wp\/v2\/product_cat?post=4435"},{"taxonomy":"product_tag","embeddable":true,"href":"https:\/\/artsani-energy.ro\/shop\/wp-json\/wp\/v2\/product_tag?post=4435"},{"taxonomy":"tip-sistem","embeddable":true,"href":"https:\/\/artsani-energy.ro\/shop\/wp-json\/wp\/v2\/tip-sistem?post=4435"},{"taxonomy":"_detalii-produse-taxonomy","embeddable":true,"href":"https:\/\/artsani-energy.ro\/shop\/wp-json\/wp\/v2\/_detalii-produse-taxonomy?post=4435"}],"curies":[{"name":"wp","href":"https:\/\/api.w.org\/{rel}","templated":true}]}}