{"id":4428,"date":"2025-02-03T10:58:21","date_gmt":"2025-02-03T08:58:21","guid":{"rendered":"https:\/\/artsani-energy.ro\/?post_type=product&#038;p=4428"},"modified":"2025-02-03T11:00:04","modified_gmt":"2025-02-03T09:00:04","slug":"statie-de-incarcare-portabila","status":"publish","type":"product","link":"https:\/\/artsani-energy.ro\/shop\/product\/statie-de-incarcare-portabila\/","title":{"rendered":"Statie de incarcare masini electrice, portabila, iHunt EV PORTABLE Charger BN20"},"content":{"rendered":"<h5>Detalii tehnice Statie de Incarcare Charger BN20<\/h5>\n<ul>\n<li>Curent: 16A (MAX)<\/li>\n<li>Putere maxima: 3.6 kW<\/li>\n<li>Curent ajustabil<\/li>\n<li>Indicator LED<\/li>\n<li>Auto charger recovery<\/li>\n<li>IP: 66<\/li>\n<li>3 trepte de putere: 8 &#8211; 10 &#8211; 16 A<\/li>\n<\/ul>\n<h5>Protec\u021bie electric\u0103:<\/h5>\n<p>Protec\u021bie la subtensiune \/ Protec\u021bie la suprasarcin\u0103 \/ Protec\u021bie la scurtcircuit \/ Protec\u021bie \u00eempotriva scurgerilor de p\u0103m\u00e2nt \/ Protec\u021bie la supra-temperatur\u0103 \/ Protec\u021bie la tr\u0103snet<\/p>\n","protected":false},"excerpt":{"rendered":"<p>Detalii tehnice Statie de Incarcare Charger BN20 Curent: 16A (MAX) Putere maxima: 3.6 kW Curent ajustabil Indicator LED Auto charger recovery IP: 66 3 trepte de putere: 8 &#8211; 10 &#8211; 16 A Protec\u021bie electric\u0103: Protec\u021bie la subtensiune \/ Protec\u021bie la suprasarcin\u0103 \/ Protec\u021bie la scurtcircuit \/ Protec\u021bie \u00eempotriva scurgerilor de p\u0103m\u00e2nt \/ Protec\u021bie la &#8230; <a title=\"Statie de incarcare masini electrice, portabila, iHunt EV PORTABLE Charger BN20\" class=\"read-more\" href=\"https:\/\/artsani-energy.ro\/shop\/product\/statie-de-incarcare-portabila\/\" aria-label=\"Cite\u0219te mai multe despre Statie de incarcare masini electrice, portabila, iHunt EV PORTABLE Charger BN20\">Read more<\/a><\/p>\n","protected":false},"featured_media":4430,"template":"","meta":{"_jet_sm_ready_style":"","_jet_sm_style":"","_jet_sm_controls_values":"","_jet_sm_fonts_collection":"","_jet_sm_fonts_links":""},"product_brand":[],"product_cat":[78],"product_tag":[],"tip-sistem":[],"_detalii-produse-taxonomy":[],"class_list":{"0":"post-4428","1":"product","2":"type-product","3":"status-publish","4":"has-post-thumbnail","6":"product_cat-statii-de-incarcare","7":"sales-flash-overlay","8":"woocommerce-text-align-center","9":"woocommerce-image-align-center","10":"do-quantity-buttons","11":"wc-has-gallery","13":"first","14":"instock","15":"taxable","16":"shipping-taxable","17":"purchasable","18":"product-type-simple"},"_links":{"self":[{"href":"https:\/\/artsani-energy.ro\/shop\/wp-json\/wp\/v2\/product\/4428","targetHints":{"allow":["GET"]}}],"collection":[{"href":"https:\/\/artsani-energy.ro\/shop\/wp-json\/wp\/v2\/product"}],"about":[{"href":"https:\/\/artsani-energy.ro\/shop\/wp-json\/wp\/v2\/types\/product"}],"wp:featuredmedia":[{"embeddable":true,"href":"https:\/\/artsani-energy.ro\/shop\/wp-json\/wp\/v2\/media\/4430"}],"wp:attachment":[{"href":"https:\/\/artsani-energy.ro\/shop\/wp-json\/wp\/v2\/media?parent=4428"}],"wp:term":[{"taxonomy":"product_brand","embeddable":true,"href":"https:\/\/artsani-energy.ro\/shop\/wp-json\/wp\/v2\/product_brand?post=4428"},{"taxonomy":"product_cat","embeddable":true,"href":"https:\/\/artsani-energy.ro\/shop\/wp-json\/wp\/v2\/product_cat?post=4428"},{"taxonomy":"product_tag","embeddable":true,"href":"https:\/\/artsani-energy.ro\/shop\/wp-json\/wp\/v2\/product_tag?post=4428"},{"taxonomy":"tip-sistem","embeddable":true,"href":"https:\/\/artsani-energy.ro\/shop\/wp-json\/wp\/v2\/tip-sistem?post=4428"},{"taxonomy":"_detalii-produse-taxonomy","embeddable":true,"href":"https:\/\/artsani-energy.ro\/shop\/wp-json\/wp\/v2\/_detalii-produse-taxonomy?post=4428"}],"curies":[{"name":"wp","href":"https:\/\/api.w.org\/{rel}","templated":true}]}}