{"id":4140,"date":"2025-01-10T16:42:13","date_gmt":"2025-01-10T14:42:13","guid":{"rendered":"https:\/\/artsani-energy.ro\/?post_type=product&#038;p=4140"},"modified":"2025-01-11T10:12:02","modified_gmt":"2025-01-11T08:12:02","slug":"acumulator-felicity-solar-15kw","status":"publish","type":"product","link":"https:\/\/artsani-energy.ro\/shop\/product\/acumulator-felicity-solar-15kw\/","title":{"rendered":"Acumulator Felicity Solar 15 kW Litiu"},"content":{"rendered":"<p>Bateria de 15kW LITHIU LUX-Y-48300LG01 de la Felicity Solar este compatibil\u0103 cu o gam\u0103 larg\u0103 de invertoare disponibile pe pia\u021b\u0103, inclusiv modele de la Deye, Victron Energy, Growatt (Spf-Sph), Voltronic, MPPsolar, Easun, Goodwe, Solis, Megarevo, Luxpower, SMA, Afore, SRNE, Studer \u0219i altele, datorit\u0103 capacit\u0103\u021bii sale de detectare automat\u0103.<\/p>\n<h3>Specificatii tehnice si avantaje:<\/h3>\n<ul>\n<li><strong>BMS integrat<\/strong> : Battery management system pentru protec\u021bie \u0219i eficien\u021b\u0103.<\/li>\n<li><strong>Componente de siguran\u021b\u0103<\/strong> : Include \u00eentrerup\u0103tor \u0219i siguran\u021be.<\/li>\n<li><strong>Monitorizarea aplica\u021biei WIFI<\/strong> : Permite urm\u0103rirea \u00een timp real a parametrilor bateriei.<\/li>\n<li><strong>Tehnologie avansat\u0103 LiFePo4<\/strong> : folose\u0219te fosfat de fier litiu pentru durabilitate \u0219i siguran\u021b\u0103.<\/li>\n<li><strong>Celule de \u00eenalt\u0103 calitate<\/strong> : Echipate cu celule REPT clasa A, recunoscute la nivel mondial.<\/li>\n<li><strong>Protec\u021bie \u00eempotriva incendiilor<\/strong> : Gel special integrat pentru prevenirea incendiilor (demonstrat \u00een videoclip).<\/li>\n<li><strong>Caracteristici electrice<\/strong> : Tensiune de lucru intre 48V si 57.6V, capacitate nominala de 300Ah.<\/li>\n<li><strong>Dimensiuni si greutate<\/strong> : 1100 x 480 x 300 mm, cu o greutate de 135 kg.<\/li>\n<li><strong>Curent de \u00eenc\u0103rcare\/desc\u0103rcare<\/strong> : Suport\u0103 curen\u021bi de p\u00e2n\u0103 la 150A.<\/li>\n<li><strong>Protocoale de comunica\u021bie<\/strong> : RS485 \u0219i CAN pentru o interfa\u021b\u0103 u\u0219oar\u0103.<\/li>\n<li><strong>Durat\u0103 de via\u021b\u0103 extins\u0103<\/strong> : Peste 6000 de cicluri la 90% DOD la 25\u00b0C.<\/li>\n<li><strong>Interval de temperatur\u0103 de func\u021bionare<\/strong> : Operabil \u00eentr-un interval de la -10\u00b0C la 50\u00b0C.<\/li>\n<li><strong>Flexibilitate de conectare<\/strong> : Posibilitatea de a conecta p\u00e2n\u0103 la 15 unit\u0103\u021bi \u00een paralel.<\/li>\n<\/ul>\n","protected":false},"excerpt":{"rendered":"<p>Bateria de 15kW LITHIU LUX-Y-48300LG01 de la Felicity Solar este compatibil\u0103 cu o gam\u0103 larg\u0103 de invertoare disponibile pe pia\u021b\u0103, inclusiv modele de la Deye, Victron Energy, Growatt (Spf-Sph), Voltronic, MPPsolar, Easun, Goodwe, Solis, Megarevo, Luxpower, SMA, Afore, SRNE, Studer \u0219i altele, datorit\u0103 capacit\u0103\u021bii sale de detectare automat\u0103.<\/p>\n","protected":false},"featured_media":4142,"template":"","meta":{"_jet_sm_ready_style":"","_jet_sm_style":"","_jet_sm_controls_values":"","_jet_sm_fonts_collection":"","_jet_sm_fonts_links":""},"product_brand":[],"product_cat":[45],"product_tag":[],"tip-sistem":[72],"_detalii-produse-taxonomy":[68,69],"class_list":{"0":"post-4140","1":"product","2":"type-product","3":"status-publish","4":"has-post-thumbnail","6":"product_cat-baterii-low-voltage","7":"tip-sistem-hibrid","8":"_detalii-produse-taxonomy-monofazat","9":"_detalii-produse-taxonomy-trifazat","10":"sales-flash-overlay","11":"woocommerce-text-align-center","12":"woocommerce-image-align-center","13":"do-quantity-buttons","14":"wc-has-gallery","16":"first","17":"instock","18":"taxable","19":"shipping-taxable","20":"purchasable","21":"product-type-simple"},"_links":{"self":[{"href":"https:\/\/artsani-energy.ro\/shop\/wp-json\/wp\/v2\/product\/4140","targetHints":{"allow":["GET"]}}],"collection":[{"href":"https:\/\/artsani-energy.ro\/shop\/wp-json\/wp\/v2\/product"}],"about":[{"href":"https:\/\/artsani-energy.ro\/shop\/wp-json\/wp\/v2\/types\/product"}],"wp:featuredmedia":[{"embeddable":true,"href":"https:\/\/artsani-energy.ro\/shop\/wp-json\/wp\/v2\/media\/4142"}],"wp:attachment":[{"href":"https:\/\/artsani-energy.ro\/shop\/wp-json\/wp\/v2\/media?parent=4140"}],"wp:term":[{"taxonomy":"product_brand","embeddable":true,"href":"https:\/\/artsani-energy.ro\/shop\/wp-json\/wp\/v2\/product_brand?post=4140"},{"taxonomy":"product_cat","embeddable":true,"href":"https:\/\/artsani-energy.ro\/shop\/wp-json\/wp\/v2\/product_cat?post=4140"},{"taxonomy":"product_tag","embeddable":true,"href":"https:\/\/artsani-energy.ro\/shop\/wp-json\/wp\/v2\/product_tag?post=4140"},{"taxonomy":"tip-sistem","embeddable":true,"href":"https:\/\/artsani-energy.ro\/shop\/wp-json\/wp\/v2\/tip-sistem?post=4140"},{"taxonomy":"_detalii-produse-taxonomy","embeddable":true,"href":"https:\/\/artsani-energy.ro\/shop\/wp-json\/wp\/v2\/_detalii-produse-taxonomy?post=4140"}],"curies":[{"name":"wp","href":"https:\/\/api.w.org\/{rel}","templated":true}]}}