{"id":4086,"date":"2025-01-10T12:37:36","date_gmt":"2025-01-10T10:37:36","guid":{"rendered":"https:\/\/artsani-energy.ro\/?post_type=product&#038;p=4086"},"modified":"2025-01-17T14:03:24","modified_gmt":"2025-01-17T12:03:24","slug":"invertor-deye-un-15k-sg04lp3-eu-15kw-hibrid-trifazat","status":"publish","type":"product","link":"https:\/\/artsani-energy.ro\/shop\/product\/invertor-deye-un-15k-sg04lp3-eu-15kw-hibrid-trifazat\/","title":{"rendered":"Invertor DEYE UN-15K-SG04LP3-EU 15kW Hibrid Trifazat"},"content":{"rendered":"<p class=\"inline text-body-m\">Descoperi\u021bi eficien\u021ba \u0219i inova\u021bia cu invertorul nostru avansat, certificat conform standardului EN50549-1, ideal pentru integrarea \u00een re\u021beaua na\u021bional\u0103 de energie. Acest dispozitiv de \u00eenalt\u0103 performan\u021b\u0103 ofer\u0103 o gam\u0103 larg\u0103 de func\u021bii, inclusiv, detaliate mai\u00a0 jos.<\/p>\n<ul class=\"mb-2 mt-2 flex list-inside list-disc flex-col gap-2\">\n<li class=\"text-body-m font-normal\"><strong class=\"text-body-m font-bold\">Injectie \u00een re\u021beaua na\u021bional\u0103<\/strong>: Beneficia\u021bi de o integrare simpl\u0103 \u0219i eficient\u0103 cu sistemele de energie existente.<\/li>\n<li class=\"text-body-m font-normal\"><strong class=\"text-body-m font-bold\">Display color + Touchscreen<\/strong>: Interfa\u021ba intuitiv\u0103 faciliteaz\u0103 monitorizarea \u0219i controlul la \u00eendem\u00e2n\u0103, oferind o experien\u021b\u0103 prietenoas\u0103 utilizatorului.<\/li>\n<li class=\"text-body-m font-normal\"><strong class=\"text-body-m font-bold\">Port de comunica\u021bie CAN\/RS485<\/strong>: Asigur\u0103 conectivitate u\u0219oar\u0103 \u0219i rapid\u0103 cu alte dispozitive.<\/li>\n<li class=\"text-body-m font-normal\"><strong class=\"text-body-m font-bold\">Func\u021bie paralel<\/strong>: Permite utilizarea mai multor invertoare \u00een paralel pentru a maximiza capacitatea sistemului.<\/li>\n<li class=\"text-body-m font-normal\"><strong class=\"text-body-m font-bold\">Conexiune generator sau direc\u021bionare surplus din PV<\/strong>: Ofer\u0103 flexibilitate \u00een gestionarea energiei din surse diverse.<\/li>\n<li class=\"text-body-m font-normal\"><strong class=\"text-body-m font-bold\">6 perioade programabile pentru \u00eenc\u0103rcare\/desc\u0103rcare acumulator<\/strong>: Controla\u021bi eficient stocarea energiei pentru a se adapta nevoilor dumneavoastr\u0103.<\/li>\n<li class=\"text-body-m font-normal\"><strong class=\"text-body-m font-bold\">Racire pasiv\u0103<\/strong>: Designul eficient energetic asigur\u0103 func\u021bionarea optim\u0103 f\u0103r\u0103 zgomot \u0219i consum suplimentar de energie.<\/li>\n<li class=\"text-body-m font-normal\"><strong class=\"text-body-m font-bold\">Func\u021bioneaz\u0103 cu sau f\u0103r\u0103 acumulatori<\/strong>: Adaptabilitate maxim\u0103 \u00een func\u021bie de configura\u021bia sistemului dumneavoastr\u0103.<\/li>\n<li class=\"text-body-m font-normal\"><strong class=\"text-body-m font-bold\">Intrare de 15600 W de la panouri<\/strong>: Sus\u021bine un sistem solar de \u00eenalt\u0103 capacitate pentru eficien\u021b\u0103 maxim\u0103.<\/li>\n<li class=\"text-body-m font-normal\"><strong class=\"text-body-m font-bold\">Putere de ie\u0219ire 22500kW<\/strong>: Ofer\u0103 suficient\u0103 energiei pentru a alimenta cele mai importante aparate electrice din locuin\u021ba dumneavoastr\u0103.<\/li>\n<li class=\"text-body-m font-normal\"><strong class=\"text-body-m font-bold\">Modul WiFi inclus, cu aplica\u021bie gratuit\u0103<\/strong>: Monitoriza\u021bi \u0219i gestiona\u021bi sistemul de oriunde, asigur\u00e2ndu-v\u0103 c\u0103 sunte\u021bi mereu \u00een control.<\/li>\n<li class=\"text-body-m font-normal\"><strong class=\"text-body-m font-bold\">Garan\u021bie 10 ani<\/strong>: Ne asigur\u0103m de calitatea \u0219i durabilitatea produsului nostru cu o garan\u021bie extins\u0103.<\/li>\n<\/ul>\n<p class=\"inline text-body-m\">Alege\u021bi invertorul nostru pentru o solu\u021bie de energie solar\u0103 fiabil\u0103, modern\u0103 \u0219i eficient\u0103!<\/p>\n","protected":false},"excerpt":{"rendered":"<p>Descoperi\u021bi eficien\u021ba \u0219i inova\u021bia cu invertorul nostru avansat, certificat conform standardului EN50549-1, ideal pentru integrarea \u00een re\u021beaua na\u021bional\u0103 de energie. Acest dispozitiv de \u00eenalt\u0103 performan\u021b\u0103 ofer\u0103 o gam\u0103 larg\u0103 de func\u021bii, inclusiv, detaliate mai\u00a0 jos.<\/p>\n","protected":false},"featured_media":4076,"template":"","meta":{"_jet_sm_ready_style":"","_jet_sm_style":"","_jet_sm_controls_values":"","_jet_sm_fonts_collection":"","_jet_sm_fonts_links":""},"product_brand":[],"product_cat":[41],"product_tag":[],"tip-sistem":[72],"_detalii-produse-taxonomy":[69],"class_list":{"0":"post-4086","1":"product","2":"type-product","3":"status-publish","4":"has-post-thumbnail","6":"product_cat-invertoare","7":"tip-sistem-hibrid","8":"_detalii-produse-taxonomy-trifazat","9":"sales-flash-overlay","10":"woocommerce-text-align-center","11":"woocommerce-image-align-center","12":"do-quantity-buttons","14":"first","15":"instock","16":"taxable","17":"shipping-taxable","18":"purchasable","19":"product-type-simple"},"_links":{"self":[{"href":"https:\/\/artsani-energy.ro\/shop\/wp-json\/wp\/v2\/product\/4086","targetHints":{"allow":["GET"]}}],"collection":[{"href":"https:\/\/artsani-energy.ro\/shop\/wp-json\/wp\/v2\/product"}],"about":[{"href":"https:\/\/artsani-energy.ro\/shop\/wp-json\/wp\/v2\/types\/product"}],"wp:featuredmedia":[{"embeddable":true,"href":"https:\/\/artsani-energy.ro\/shop\/wp-json\/wp\/v2\/media\/4076"}],"wp:attachment":[{"href":"https:\/\/artsani-energy.ro\/shop\/wp-json\/wp\/v2\/media?parent=4086"}],"wp:term":[{"taxonomy":"product_brand","embeddable":true,"href":"https:\/\/artsani-energy.ro\/shop\/wp-json\/wp\/v2\/product_brand?post=4086"},{"taxonomy":"product_cat","embeddable":true,"href":"https:\/\/artsani-energy.ro\/shop\/wp-json\/wp\/v2\/product_cat?post=4086"},{"taxonomy":"product_tag","embeddable":true,"href":"https:\/\/artsani-energy.ro\/shop\/wp-json\/wp\/v2\/product_tag?post=4086"},{"taxonomy":"tip-sistem","embeddable":true,"href":"https:\/\/artsani-energy.ro\/shop\/wp-json\/wp\/v2\/tip-sistem?post=4086"},{"taxonomy":"_detalii-produse-taxonomy","embeddable":true,"href":"https:\/\/artsani-energy.ro\/shop\/wp-json\/wp\/v2\/_detalii-produse-taxonomy?post=4086"}],"curies":[{"name":"wp","href":"https:\/\/api.w.org\/{rel}","templated":true}]}}