{"id":2983,"date":"2025-01-05T13:33:16","date_gmt":"2025-01-05T11:33:16","guid":{"rendered":"https:\/\/artsani-energy.ro\/?post_type=product&#038;p=2983"},"modified":"2025-01-08T10:24:22","modified_gmt":"2025-01-08T08:24:22","slug":"invertor-deye-hibrid-10kw-trifazat","status":"publish","type":"product","link":"https:\/\/artsani-energy.ro\/shop\/product\/invertor-deye-hibrid-10kw-trifazat\/","title":{"rendered":"Invertor Deye Hibrid 10kW trifazat"},"content":{"rendered":"<p>Invertorul\u00a0<strong>SUN-10K-SG02 LP1-EU-AM3<\/strong>\u00a0este un invertor hibrid monofazat<b><span style=\"color: #6ba54a;\">\u00a0Low Voltage<\/span>\u00a0<\/b>conceput pentru sisteme de energie solar\u0103 at\u00e2t on-grid (conectate la re\u021bea) c\u00e2t \u0219i off-grid (independente de re\u021bea). Cu o putere nominal\u0103 de 10 kW \u0219i o capacitate de a suporta o putere de intrare PV de p\u00e2n\u0103 la 15 kW, acest invertor este ideal pentru aplica\u021bii reziden\u021biale \u0219i comerciale de mici dimensiuni. Acesta poate gestiona baterii plumb-acid sau litiu-ion, oferind flexibilitate \u00een alegerea solu\u021biei de stocare a energiei.<\/p>\n<p>Invertorul ofer\u0103 o eficien\u021b\u0103 maxim\u0103 de 97.6%, cu un sistem MPPT care optimizeaz\u0103 captarea energiei solare. Este echipat cu multiple protec\u021bii \u0219i func\u021bii avansate, inclusiv protec\u021bie la supratensiune, monitorizarea curentului defect la \u00eemp\u0103m\u00e2ntare \u0219i detec\u021bie curent rezidual, asigur\u00e2nd astfel siguran\u021b\u0103 \u0219i fiabilitate \u00een func\u021bionare. Designul s\u0103u robust, cu grad de protec\u021bie IP65, permite instalarea at\u00e2t \u00een interior c\u00e2t \u0219i \u00een exterior, rezist\u00e2nd la condi\u021bii de mediu dure.<\/p>\n<p>Cu o r\u0103cire inteligent\u0103 cu aer \u0219i diverse op\u021biuni de monitorizare prin GPRS, Wi-Fi sau Bluetooth, acest invertor ofer\u0103 performan\u021be ridicate \u0219i o gestionare optim\u0103 a energiei, fiind o solu\u021bie versatil\u0103 \u0219i eficient\u0103 pentru cei care doresc s\u0103 \u00eembun\u0103t\u0103\u021beasc\u0103 produc\u021bia \u0219i utilizarea energiei solare.<\/p>\n<h3><\/h3>\n","protected":false},"excerpt":{"rendered":"<p><strong>Injectie in reteaua nationala (EN50549-1)<\/strong><br \/>\n\u2705 Display color + Touchscreen<br \/>\n\u2705 Port comunicatie CAN\/RS485<br \/>\n\u2705 Functie paralel<br \/>\n\u2705 Conexiune generator sau directionare surplus din PV<br \/>\n\u2705 6 perioade programabile pentru incarcare\/descarcare acumulator<br \/>\n\u2705 Functioneaza cu sau fara acumulatori<br \/>\n\u2705 Intrare de 13000W de la panouri<br \/>\n\u2705 Putere iesire 10kW Trifazat<br \/>\n\u2705 Modul WiFi inclus, cu aplicatie gratuita<br \/>\n\u2705 Garantie 10 ani<\/p>\n","protected":false},"featured_media":2507,"template":"","meta":{"_jet_sm_ready_style":"","_jet_sm_style":"","_jet_sm_controls_values":"","_jet_sm_fonts_collection":"","_jet_sm_fonts_links":""},"product_brand":[],"product_cat":[41],"product_tag":[51],"tip-sistem":[],"_detalii-produse-taxonomy":[],"class_list":{"0":"post-2983","1":"product","2":"type-product","3":"status-publish","4":"has-post-thumbnail","6":"product_cat-invertoare","7":"product_tag-10-kw","8":"sales-flash-overlay","9":"woocommerce-text-align-center","10":"woocommerce-image-align-center","11":"do-quantity-buttons","12":"wc-has-gallery","14":"first","15":"instock","16":"sale","17":"taxable","18":"shipping-taxable","19":"purchasable","20":"product-type-simple"},"_links":{"self":[{"href":"https:\/\/artsani-energy.ro\/shop\/wp-json\/wp\/v2\/product\/2983","targetHints":{"allow":["GET"]}}],"collection":[{"href":"https:\/\/artsani-energy.ro\/shop\/wp-json\/wp\/v2\/product"}],"about":[{"href":"https:\/\/artsani-energy.ro\/shop\/wp-json\/wp\/v2\/types\/product"}],"wp:featuredmedia":[{"embeddable":true,"href":"https:\/\/artsani-energy.ro\/shop\/wp-json\/wp\/v2\/media\/2507"}],"wp:attachment":[{"href":"https:\/\/artsani-energy.ro\/shop\/wp-json\/wp\/v2\/media?parent=2983"}],"wp:term":[{"taxonomy":"product_brand","embeddable":true,"href":"https:\/\/artsani-energy.ro\/shop\/wp-json\/wp\/v2\/product_brand?post=2983"},{"taxonomy":"product_cat","embeddable":true,"href":"https:\/\/artsani-energy.ro\/shop\/wp-json\/wp\/v2\/product_cat?post=2983"},{"taxonomy":"product_tag","embeddable":true,"href":"https:\/\/artsani-energy.ro\/shop\/wp-json\/wp\/v2\/product_tag?post=2983"},{"taxonomy":"tip-sistem","embeddable":true,"href":"https:\/\/artsani-energy.ro\/shop\/wp-json\/wp\/v2\/tip-sistem?post=2983"},{"taxonomy":"_detalii-produse-taxonomy","embeddable":true,"href":"https:\/\/artsani-energy.ro\/shop\/wp-json\/wp\/v2\/_detalii-produse-taxonomy?post=2983"}],"curies":[{"name":"wp","href":"https:\/\/api.w.org\/{rel}","templated":true}]}}